{"id":1376,"date":"2023-08-24T13:40:42","date_gmt":"2023-08-24T11:40:42","guid":{"rendered":"http:\/\/groupmds.be\/minigrue\/"},"modified":"2024-02-26T20:22:18","modified_gmt":"2024-02-26T19:22:18","slug":"minigrue","status":"publish","type":"page","link":"https:\/\/groupmds.be\/fr\/minigrue\/","title":{"rendered":"Minigrue"},"content":{"rendered":"\t\t<div data-elementor-type=\"wp-page\" data-elementor-id=\"1376\" class=\"elementor elementor-1376 elementor-1283\" data-elementor-post-type=\"page\">\n\t\t\t\t\t\t<section class=\"elementor-section elementor-top-section elementor-element elementor-element-31c7124 elementor-section-stretched elementor-section-boxed elementor-section-height-default elementor-section-height-default\" data-id=\"31c7124\" data-element_type=\"section\" data-e-type=\"section\" data-settings=\"{&quot;stretch_section&quot;:&quot;section-stretched&quot;,&quot;background_background&quot;:&quot;classic&quot;}\">\n\t\t\t\t\t\t<div class=\"elementor-container elementor-column-gap-wider\">\n\t\t\t\t\t<div class=\"elementor-column elementor-col-100 elementor-top-column elementor-element elementor-element-6eb057e\" data-id=\"6eb057e\" data-element_type=\"column\" data-e-type=\"column\">\n\t\t\t<div class=\"elementor-widget-wrap elementor-element-populated\">\n\t\t\t\t\t\t<section class=\"elementor-section elementor-inner-section elementor-element elementor-element-a05407f elementor-section-boxed elementor-section-height-default elementor-section-height-default\" data-id=\"a05407f\" data-element_type=\"section\" data-e-type=\"section\">\n\t\t\t\t\t\t<div class=\"elementor-container elementor-column-gap-default\">\n\t\t\t\t\t<div class=\"elementor-column elementor-col-66 elementor-inner-column elementor-element elementor-element-827eba9\" data-id=\"827eba9\" data-element_type=\"column\" data-e-type=\"column\">\n\t\t\t<div class=\"elementor-widget-wrap elementor-element-populated\">\n\t\t\t\t\t\t<div class=\"elementor-element elementor-element-e5b74f8 elementor-widget elementor-widget-heading\" data-id=\"e5b74f8\" data-element_type=\"widget\" data-e-type=\"widget\" data-widget_type=\"heading.default\">\n\t\t\t\t<div class=\"elementor-widget-container\">\n\t\t\t\t\t<h1 class=\"elementor-heading-title elementor-size-default\">Minigrue<\/h1>\t\t\t\t<\/div>\n\t\t\t\t<\/div>\n\t\t\t\t<div class=\"elementor-element elementor-element-8a7e73d elementor-widget elementor-widget-text-editor\" data-id=\"8a7e73d\" data-element_type=\"widget\" data-e-type=\"widget\" data-widget_type=\"text-editor.default\">\n\t\t\t\t<div class=\"elementor-widget-container\">\n\t\t\t\t\t\t\t\t\t<p>Si vous avez des travaux de levage dans des endroits difficiles d&rsquo;acc\u00e8s, vous pouvez d\u00e9sormais contacter GROUP MDS BV pour louer une mini grue SPT 499 pour tous les travaux de levage.<\/p>\n<p>Notre SPT499 a une capacit\u00e9 de levage allant jusqu&rsquo;\u00e0 5 tonnes et peut soulever jusqu&rsquo;\u00e0 une hauteur de 22 m avec un fly-jib.<\/p>\n<p>Notre mini-grue est une v\u00e9ritable puissance par sa taille limit\u00e9e et est toujours lou\u00e9e avec un op\u00e9rateur pour une courte ou une longue dur\u00e9e.<\/p>\n<p>N&rsquo;h\u00e9sitez pas et contactez-nous pour tous travaux de levage avec notre mini grue, pouvant fonctionner aussi bien sur moteur hybride que diesel.<\/p>\n<p><a style=\"font-size: 20px; background-color: #ffffff;\" href=\"http:\/\/groupmds.be\/wp-content\/uploads\/2023\/08\/TF-SPT-499.png\" target=\"_blank\" rel=\"noopener\"><span style=\"text-decoration: underline;\">Cliquez ici<\/span><\/a> pour consulter une fiche technique de notre SPT 499.<\/p>\n\t\t\t\t\t\t\t\t<\/div>\n\t\t\t\t<\/div>\n\t\t\t\t<div class=\"elementor-element elementor-element-b430f7b elementor-mobile-align-justify elementor-widget elementor-widget-button\" data-id=\"b430f7b\" data-element_type=\"widget\" data-e-type=\"widget\" data-widget_type=\"button.default\">\n\t\t\t\t<div class=\"elementor-widget-container\">\n\t\t\t\t\t\t\t\t\t<div class=\"elementor-button-wrapper\">\n\t\t\t\t\t<a class=\"elementor-button elementor-button-link elementor-size-md\" href=\"http:\/\/groupmds.be\/fr\/contact\/\">\n\t\t\t\t\t\t<span class=\"elementor-button-content-wrapper\">\n\t\t\t\t\t\t<span class=\"elementor-button-icon\">\n\t\t\t\t<i aria-hidden=\"true\" class=\"fas fa-chevron-right\"><\/i>\t\t\t<\/span>\n\t\t\t\t\t\t\t\t\t<span class=\"elementor-button-text\">Contactez-nous pour un rendez-vous!<\/span>\n\t\t\t\t\t<\/span>\n\t\t\t\t\t<\/a>\n\t\t\t\t<\/div>\n\t\t\t\t\t\t\t\t<\/div>\n\t\t\t\t<\/div>\n\t\t\t\t\t<\/div>\n\t\t<\/div>\n\t\t\t\t<div class=\"elementor-column elementor-col-33 elementor-inner-column elementor-element elementor-element-b755951\" data-id=\"b755951\" data-element_type=\"column\" data-e-type=\"column\">\n\t\t\t<div class=\"elementor-widget-wrap\">\n\t\t\t\t\t\t\t<\/div>\n\t\t<\/div>\n\t\t\t\t\t<\/div>\n\t\t<\/section>\n\t\t\t\t\t<\/div>\n\t\t<\/div>\n\t\t\t\t\t<\/div>\n\t\t<\/section>\n\t\t\t\t<section class=\"elementor-section elementor-top-section elementor-element elementor-element-d265e9c elementor-section-stretched elementor-section-boxed elementor-section-height-default elementor-section-height-default\" data-id=\"d265e9c\" data-element_type=\"section\" data-e-type=\"section\" data-settings=\"{&quot;stretch_section&quot;:&quot;section-stretched&quot;}\">\n\t\t\t\t\t\t<div class=\"elementor-container elementor-column-gap-default\">\n\t\t\t\t\t<div class=\"elementor-column elementor-col-100 elementor-top-column elementor-element elementor-element-47b5fe2\" data-id=\"47b5fe2\" data-element_type=\"column\" data-e-type=\"column\">\n\t\t\t<div class=\"elementor-widget-wrap elementor-element-populated\">\n\t\t\t\t\t\t<div class=\"elementor-element elementor-element-1b89c51 gallery-spacing-custom elementor-hidden-mobile elementor-widget elementor-widget-image-gallery\" data-id=\"1b89c51\" data-element_type=\"widget\" data-e-type=\"widget\" data-widget_type=\"image-gallery.default\">\n\t\t\t\t<div class=\"elementor-widget-container\">\n\t\t\t\t\t\t\t<div class=\"elementor-image-gallery\">\n\t\t\t<div id='gallery-1' class='gallery galleryid-1376 gallery-columns-3 gallery-size-full'><figure class='gallery-item'>\n\t\t\t<div class='gallery-icon landscape'>\n\t\t\t\t<a data-elementor-open-lightbox=\"yes\" data-elementor-lightbox-slideshow=\"1b89c51\" data-elementor-lightbox-title=\"group-mds-minikraam-2\" data-e-action-hash=\"#elementor-action%3Aaction%3Dlightbox%26settings%3DeyJpZCI6MTI5MCwidXJsIjoiaHR0cHM6XC9cL2dyb3VwbWRzLmJlXC93cC1jb250ZW50XC91cGxvYWRzXC8yMDIzXC8wOFwvZ3JvdXAtbWRzLW1pbmlrcmFhbS0yLmpwZyIsInNsaWRlc2hvdyI6IjFiODljNTEifQ%3D%3D\" href='https:\/\/groupmds.be\/wp-content\/uploads\/2023\/08\/group-mds-minikraam-2.jpg'><img fetchpriority=\"high\" decoding=\"async\" width=\"600\" height=\"480\" src=\"https:\/\/groupmds.be\/wp-content\/uploads\/2023\/08\/group-mds-minikraam-2.jpg\" class=\"attachment-full size-full\" alt=\"\" srcset=\"https:\/\/groupmds.be\/wp-content\/uploads\/2023\/08\/group-mds-minikraam-2.jpg 600w, https:\/\/groupmds.be\/wp-content\/uploads\/2023\/08\/group-mds-minikraam-2-300x240.jpg 300w\" sizes=\"(max-width: 600px) 100vw, 600px\" \/><\/a>\n\t\t\t<\/div><\/figure><figure class='gallery-item'>\n\t\t\t<div class='gallery-icon landscape'>\n\t\t\t\t<a data-elementor-open-lightbox=\"yes\" data-elementor-lightbox-slideshow=\"1b89c51\" data-elementor-lightbox-title=\"group-mds-minikraam-3\" data-e-action-hash=\"#elementor-action%3Aaction%3Dlightbox%26settings%3DeyJpZCI6MTI5MiwidXJsIjoiaHR0cHM6XC9cL2dyb3VwbWRzLmJlXC93cC1jb250ZW50XC91cGxvYWRzXC8yMDIzXC8wOFwvZ3JvdXAtbWRzLW1pbmlrcmFhbS0zLmpwZyIsInNsaWRlc2hvdyI6IjFiODljNTEifQ%3D%3D\" href='https:\/\/groupmds.be\/wp-content\/uploads\/2023\/08\/group-mds-minikraam-3.jpg'><img decoding=\"async\" width=\"600\" height=\"480\" src=\"https:\/\/groupmds.be\/wp-content\/uploads\/2023\/08\/group-mds-minikraam-3.jpg\" class=\"attachment-full size-full\" alt=\"\" srcset=\"https:\/\/groupmds.be\/wp-content\/uploads\/2023\/08\/group-mds-minikraam-3.jpg 600w, https:\/\/groupmds.be\/wp-content\/uploads\/2023\/08\/group-mds-minikraam-3-300x240.jpg 300w\" sizes=\"(max-width: 600px) 100vw, 600px\" \/><\/a>\n\t\t\t<\/div><\/figure><figure class='gallery-item'>\n\t\t\t<div class='gallery-icon landscape'>\n\t\t\t\t<a data-elementor-open-lightbox=\"yes\" data-elementor-lightbox-slideshow=\"1b89c51\" data-elementor-lightbox-title=\"group-mds-minikraam-4\" data-e-action-hash=\"#elementor-action%3Aaction%3Dlightbox%26settings%3DeyJpZCI6MTI5NCwidXJsIjoiaHR0cHM6XC9cL2dyb3VwbWRzLmJlXC93cC1jb250ZW50XC91cGxvYWRzXC8yMDIzXC8wOFwvZ3JvdXAtbWRzLW1pbmlrcmFhbS00LmpwZyIsInNsaWRlc2hvdyI6IjFiODljNTEifQ%3D%3D\" href='https:\/\/groupmds.be\/wp-content\/uploads\/2023\/08\/group-mds-minikraam-4.jpg'><img decoding=\"async\" width=\"600\" height=\"480\" src=\"https:\/\/groupmds.be\/wp-content\/uploads\/2023\/08\/group-mds-minikraam-4.jpg\" class=\"attachment-full size-full\" alt=\"\" srcset=\"https:\/\/groupmds.be\/wp-content\/uploads\/2023\/08\/group-mds-minikraam-4.jpg 600w, https:\/\/groupmds.be\/wp-content\/uploads\/2023\/08\/group-mds-minikraam-4-300x240.jpg 300w\" sizes=\"(max-width: 600px) 100vw, 600px\" \/><\/a>\n\t\t\t<\/div><\/figure><figure class='gallery-item'>\n\t\t\t<div class='gallery-icon landscape'>\n\t\t\t\t<a data-elementor-open-lightbox=\"yes\" data-elementor-lightbox-slideshow=\"1b89c51\" data-elementor-lightbox-title=\"group-mds-minikraam-5\" data-e-action-hash=\"#elementor-action%3Aaction%3Dlightbox%26settings%3DeyJpZCI6MTI5NiwidXJsIjoiaHR0cHM6XC9cL2dyb3VwbWRzLmJlXC93cC1jb250ZW50XC91cGxvYWRzXC8yMDIzXC8wOFwvZ3JvdXAtbWRzLW1pbmlrcmFhbS01LmpwZyIsInNsaWRlc2hvdyI6IjFiODljNTEifQ%3D%3D\" href='https:\/\/groupmds.be\/wp-content\/uploads\/2023\/08\/group-mds-minikraam-5.jpg'><img loading=\"lazy\" decoding=\"async\" width=\"600\" height=\"480\" src=\"https:\/\/groupmds.be\/wp-content\/uploads\/2023\/08\/group-mds-minikraam-5.jpg\" class=\"attachment-full size-full\" alt=\"\" srcset=\"https:\/\/groupmds.be\/wp-content\/uploads\/2023\/08\/group-mds-minikraam-5.jpg 600w, https:\/\/groupmds.be\/wp-content\/uploads\/2023\/08\/group-mds-minikraam-5-300x240.jpg 300w\" sizes=\"(max-width: 600px) 100vw, 600px\" \/><\/a>\n\t\t\t<\/div><\/figure><figure class='gallery-item'>\n\t\t\t<div class='gallery-icon landscape'>\n\t\t\t\t<a data-elementor-open-lightbox=\"yes\" data-elementor-lightbox-slideshow=\"1b89c51\" data-elementor-lightbox-title=\"group-mds-minikraam-1\" data-e-action-hash=\"#elementor-action%3Aaction%3Dlightbox%26settings%3DeyJpZCI6MTI5OCwidXJsIjoiaHR0cHM6XC9cL2dyb3VwbWRzLmJlXC93cC1jb250ZW50XC91cGxvYWRzXC8yMDIzXC8wOFwvZ3JvdXAtbWRzLW1pbmlrcmFhbS0xLmpwZyIsInNsaWRlc2hvdyI6IjFiODljNTEifQ%3D%3D\" href='https:\/\/groupmds.be\/wp-content\/uploads\/2023\/08\/group-mds-minikraam-1.jpg'><img loading=\"lazy\" decoding=\"async\" width=\"600\" height=\"480\" src=\"https:\/\/groupmds.be\/wp-content\/uploads\/2023\/08\/group-mds-minikraam-1.jpg\" class=\"attachment-full size-full\" alt=\"\" srcset=\"https:\/\/groupmds.be\/wp-content\/uploads\/2023\/08\/group-mds-minikraam-1.jpg 600w, https:\/\/groupmds.be\/wp-content\/uploads\/2023\/08\/group-mds-minikraam-1-300x240.jpg 300w\" sizes=\"(max-width: 600px) 100vw, 600px\" \/><\/a>\n\t\t\t<\/div><\/figure>\n\t\t<\/div>\n\t\t<\/div>\n\t\t\t\t\t\t<\/div>\n\t\t\t\t<\/div>\n\t\t\t\t<div class=\"elementor-element elementor-element-9030319 elementor-hidden-desktop elementor-hidden-tablet elementor-pagination-position-outside elementor-widget elementor-widget-image-carousel\" data-id=\"9030319\" data-element_type=\"widget\" data-e-type=\"widget\" data-settings=\"{&quot;slides_to_show&quot;:&quot;1&quot;,&quot;navigation&quot;:&quot;dots&quot;,&quot;autoplay&quot;:&quot;yes&quot;,&quot;pause_on_hover&quot;:&quot;yes&quot;,&quot;pause_on_interaction&quot;:&quot;yes&quot;,&quot;autoplay_speed&quot;:5000,&quot;infinite&quot;:&quot;yes&quot;,&quot;effect&quot;:&quot;slide&quot;,&quot;speed&quot;:500}\" data-widget_type=\"image-carousel.default\">\n\t\t\t\t<div class=\"elementor-widget-container\">\n\t\t\t\t\t\t\t<div class=\"elementor-image-carousel-wrapper swiper\" role=\"region\" aria-roledescription=\"carousel\" aria-label=\"Carrousel d\u2019images\" dir=\"ltr\">\n\t\t\t<div class=\"elementor-image-carousel swiper-wrapper\" aria-live=\"off\">\n\t\t\t\t\t\t\t\t<div class=\"swiper-slide\" role=\"group\" aria-roledescription=\"slide\" aria-label=\"1 sur 5\"><figure class=\"swiper-slide-inner\"><img decoding=\"async\" class=\"swiper-slide-image\" src=\"https:\/\/groupmds.be\/wp-content\/uploads\/2023\/08\/group-mds-minikraam-1.jpg\" alt=\"group-mds-minikraam-1\" \/><\/figure><\/div><div class=\"swiper-slide\" role=\"group\" aria-roledescription=\"slide\" aria-label=\"2 sur 5\"><figure class=\"swiper-slide-inner\"><img decoding=\"async\" class=\"swiper-slide-image\" src=\"https:\/\/groupmds.be\/wp-content\/uploads\/2023\/08\/group-mds-minikraam-5.jpg\" alt=\"group-mds-minikraam-5\" \/><\/figure><\/div><div class=\"swiper-slide\" role=\"group\" aria-roledescription=\"slide\" aria-label=\"3 sur 5\"><figure class=\"swiper-slide-inner\"><img decoding=\"async\" class=\"swiper-slide-image\" src=\"https:\/\/groupmds.be\/wp-content\/uploads\/2023\/08\/group-mds-minikraam-4.jpg\" alt=\"group-mds-minikraam-4\" \/><\/figure><\/div><div class=\"swiper-slide\" role=\"group\" aria-roledescription=\"slide\" aria-label=\"4 sur 5\"><figure class=\"swiper-slide-inner\"><img decoding=\"async\" class=\"swiper-slide-image\" src=\"https:\/\/groupmds.be\/wp-content\/uploads\/2023\/08\/group-mds-minikraam-3.jpg\" alt=\"group-mds-minikraam-3\" \/><\/figure><\/div><div class=\"swiper-slide\" role=\"group\" aria-roledescription=\"slide\" aria-label=\"5 sur 5\"><figure class=\"swiper-slide-inner\"><img decoding=\"async\" class=\"swiper-slide-image\" src=\"https:\/\/groupmds.be\/wp-content\/uploads\/2023\/08\/group-mds-minikraam-2.jpg\" alt=\"group-mds-minikraam-2\" \/><\/figure><\/div>\t\t\t<\/div>\n\t\t\t\t\t\t\t\n\t\t\t\t\t\t\t\t\t<div class=\"swiper-pagination\"><\/div>\n\t\t\t\t\t\t\t\t\t<\/div>\n\t\t\t\t\t\t<\/div>\n\t\t\t\t<\/div>\n\t\t\t\t\t<\/div>\n\t\t<\/div>\n\t\t\t\t\t<\/div>\n\t\t<\/section>\n\t\t\t\t<\/div>\n\t\t","protected":false},"excerpt":{"rendered":"<p>Si vous avez des travaux de levage dans des endroits difficiles d&rsquo;acc\u00e8s, vous pouvez d\u00e9sormais contacter GROUP MDS BV pour louer une mini grue SPT 499 pour tous les travaux de levage. Notre SPT499 a une capacit\u00e9 de levage allant jusqu&rsquo;\u00e0 5 tonnes et peut soulever jusqu&rsquo;\u00e0 une hauteur de 22 m avec un fly-jib. [&hellip;]<\/p>\n","protected":false},"author":1,"featured_media":0,"parent":0,"menu_order":0,"comment_status":"closed","ping_status":"closed","template":"","meta":{"ocean_post_layout":"","ocean_both_sidebars_style":"","ocean_both_sidebars_content_width":0,"ocean_both_sidebars_sidebars_width":0,"ocean_sidebar":"0","ocean_second_sidebar":"0","ocean_disable_margins":"enable","ocean_add_body_class":"","ocean_shortcode_before_top_bar":"","ocean_shortcode_after_top_bar":"","ocean_shortcode_before_header":"","ocean_shortcode_after_header":"","ocean_has_shortcode":"","ocean_shortcode_after_title":"","ocean_shortcode_before_footer_widgets":"","ocean_shortcode_after_footer_widgets":"","ocean_shortcode_before_footer_bottom":"","ocean_shortcode_after_footer_bottom":"","ocean_display_top_bar":"default","ocean_display_header":"default","ocean_header_style":"","ocean_center_header_left_menu":"0","ocean_custom_header_template":"0","ocean_custom_logo":0,"ocean_custom_retina_logo":0,"ocean_custom_logo_max_width":0,"ocean_custom_logo_tablet_max_width":0,"ocean_custom_logo_mobile_max_width":0,"ocean_custom_logo_max_height":0,"ocean_custom_logo_tablet_max_height":0,"ocean_custom_logo_mobile_max_height":0,"ocean_header_custom_menu":"0","ocean_menu_typo_font_family":"0","ocean_menu_typo_font_subset":"","ocean_menu_typo_font_size":0,"ocean_menu_typo_font_size_tablet":0,"ocean_menu_typo_font_size_mobile":0,"ocean_menu_typo_font_size_unit":"px","ocean_menu_typo_font_weight":"","ocean_menu_typo_font_weight_tablet":"","ocean_menu_typo_font_weight_mobile":"","ocean_menu_typo_transform":"","ocean_menu_typo_transform_tablet":"","ocean_menu_typo_transform_mobile":"","ocean_menu_typo_line_height":0,"ocean_menu_typo_line_height_tablet":0,"ocean_menu_typo_line_height_mobile":0,"ocean_menu_typo_line_height_unit":"","ocean_menu_typo_spacing":0,"ocean_menu_typo_spacing_tablet":0,"ocean_menu_typo_spacing_mobile":0,"ocean_menu_typo_spacing_unit":"","ocean_menu_link_color":"","ocean_menu_link_color_hover":"","ocean_menu_link_color_active":"","ocean_menu_link_background":"","ocean_menu_link_hover_background":"","ocean_menu_link_active_background":"","ocean_menu_social_links_bg":"","ocean_menu_social_hover_links_bg":"","ocean_menu_social_links_color":"","ocean_menu_social_hover_links_color":"","ocean_disable_title":"default","ocean_disable_heading":"default","ocean_post_title":"","ocean_post_subheading":"","ocean_post_title_style":"","ocean_post_title_background_color":"","ocean_post_title_background":0,"ocean_post_title_bg_image_position":"","ocean_post_title_bg_image_attachment":"","ocean_post_title_bg_image_repeat":"","ocean_post_title_bg_image_size":"","ocean_post_title_height":0,"ocean_post_title_bg_overlay":0.5,"ocean_post_title_bg_overlay_color":"","ocean_disable_breadcrumbs":"default","ocean_breadcrumbs_color":"","ocean_breadcrumbs_separator_color":"","ocean_breadcrumbs_links_color":"","ocean_breadcrumbs_links_hover_color":"","ocean_display_footer_widgets":"default","ocean_display_footer_bottom":"default","ocean_custom_footer_template":"0","footnotes":""},"class_list":["post-1376","page","type-page","status-publish","hentry","entry"],"_links":{"self":[{"href":"https:\/\/groupmds.be\/fr\/wp-json\/wp\/v2\/pages\/1376","targetHints":{"allow":["GET"]}}],"collection":[{"href":"https:\/\/groupmds.be\/fr\/wp-json\/wp\/v2\/pages"}],"about":[{"href":"https:\/\/groupmds.be\/fr\/wp-json\/wp\/v2\/types\/page"}],"author":[{"embeddable":true,"href":"https:\/\/groupmds.be\/fr\/wp-json\/wp\/v2\/users\/1"}],"replies":[{"embeddable":true,"href":"https:\/\/groupmds.be\/fr\/wp-json\/wp\/v2\/comments?post=1376"}],"version-history":[{"count":1,"href":"https:\/\/groupmds.be\/fr\/wp-json\/wp\/v2\/pages\/1376\/revisions"}],"predecessor-version":[{"id":1377,"href":"https:\/\/groupmds.be\/fr\/wp-json\/wp\/v2\/pages\/1376\/revisions\/1377"}],"wp:attachment":[{"href":"https:\/\/groupmds.be\/fr\/wp-json\/wp\/v2\/media?parent=1376"}],"curies":[{"name":"wp","href":"https:\/\/api.w.org\/{rel}","templated":true}]}}